{"id":22458,"date":"2022-01-13T21:18:02","date_gmt":"2022-01-14T03:18:02","guid":{"rendered":"https:\/\/mandarichlaw.com\/carreras\/"},"modified":"2026-04-30T06:41:42","modified_gmt":"2026-04-30T11:41:42","slug":"carreras","status":"publish","type":"page","link":"https:\/\/mandarichlaw.com\/es\/carreras\/","title":{"rendered":"Carreras"},"content":{"rendered":"\t\t<div data-elementor-type=\"wp-page\" data-elementor-id=\"22458\" class=\"elementor elementor-22458 elementor-18477\">\n\t\t\t\t\t\t<section class=\"elementor-section elementor-top-section elementor-element elementor-element-5929c83 elementor-section-boxed elementor-section-height-default elementor-section-height-default sc_fly_static\" data-id=\"5929c83\" data-element_type=\"section\">\n\t\t\t\t\t\t<div class=\"elementor-container elementor-column-gap-extended\">\n\t\t\t\t\t<div class=\"elementor-column elementor-col-100 elementor-top-column elementor-element elementor-element-ddce51d sc_content_align_inherit sc_layouts_column_icons_position_left sc_fly_static\" data-id=\"ddce51d\" data-element_type=\"column\">\n\t\t\t<div class=\"elementor-widget-wrap elementor-element-populated\">\n\t\t\t\t\t\t<div class=\"elementor-element elementor-element-6a85497 sc_fly_static elementor-widget elementor-widget-trx_sc_layouts_title\" data-id=\"6a85497\" data-element_type=\"widget\" data-widget_type=\"trx_sc_layouts_title.default\">\n\t\t\t\t<div class=\"elementor-widget-container\">\n\t\t\t\t\t<div class=\"sc_layouts_title sc_align_center with_content without_image without_tint\" ><div class=\"sc_layouts_title_content\"><div class=\"sc_layouts_title_title\"><h1 class=\"sc_layouts_title_caption\">Carreras<\/h1><\/div><\/div><\/div>\t\t\t\t<\/div>\n\t\t\t\t<\/div>\n\t\t\t\t<div class=\"elementor-element elementor-element-454aa04 sc_height_tiny sc_fly_static elementor-widget elementor-widget-spacer\" data-id=\"454aa04\" data-element_type=\"widget\" data-widget_type=\"spacer.default\">\n\t\t\t\t<div class=\"elementor-widget-container\">\n\t\t\t\t\t\t\t<div class=\"elementor-spacer\">\n\t\t\t<div class=\"elementor-spacer-inner\"><\/div>\n\t\t<\/div>\n\t\t\t\t\t\t<\/div>\n\t\t\t\t<\/div>\n\t\t\t\t<div class=\"elementor-element elementor-element-acbf310 elementor-view-default sc_fly_static elementor-widget elementor-widget-icon\" data-id=\"acbf310\" data-element_type=\"widget\" data-widget_type=\"icon.default\">\n\t\t\t\t<div class=\"elementor-widget-container\">\n\t\t\t\t\t\t\t<div class=\"elementor-icon-wrapper\">\n\t\t\t<div class=\"elementor-icon\">\n\t\t\t<i aria-hidden=\"true\" class=\"fas fa-chevron-down\"><\/i>\t\t\t<\/div>\n\t\t<\/div>\n\t\t\t\t\t\t<\/div>\n\t\t\t\t<\/div>\n\t\t\t\t\t<\/div>\n\t\t<\/div>\n\t\t\t\t\t<\/div>\n\t\t<\/section>\n\t\t\t\t<section class=\"elementor-section elementor-top-section elementor-element elementor-element-241791f elementor-section-content-middle elementor-reverse-tablet elementor-reverse-mobile elementor-section-boxed elementor-section-height-default elementor-section-height-default sc_fly_static\" data-id=\"241791f\" data-element_type=\"section\">\n\t\t\t\t\t\t<div class=\"elementor-container elementor-column-gap-extended\">\n\t\t\t\t\t<div class=\"elementor-column elementor-col-50 elementor-top-column elementor-element elementor-element-318395c sc_content_align_inherit sc_layouts_column_icons_position_left sc_fly_static\" data-id=\"318395c\" data-element_type=\"column\">\n\t\t\t<div class=\"elementor-widget-wrap elementor-element-populated\">\n\t\t\t\t\t\t<div class=\"elementor-element elementor-element-e93a86f sc_fly_static elementor-widget elementor-widget-trx_sc_title\" data-id=\"e93a86f\" data-element_type=\"widget\" data-widget_type=\"trx_sc_title.default\">\n\t\t\t\t<div class=\"elementor-widget-container\">\n\t\t\t\t\t<div\t\tclass=\"sc_title sc_title_gradient\" ><h1 class=\"sc_item_title sc_title_title sc_item_title_style_gradient sc_item_title_tag\"\n\t\t\t><span class=\"sc_item_title_text  trx_addons_text_gradient trx_addons_text_gradient_fill_block\" style=\"color:var(--e-global-color-7a1ccbe5);background:var(--e-global-color-7a1ccbe5);background:linear-gradient(0deg,var(--e-global-color-7a1ccbe5),var(--e-global-color-7a1ccbe5<\/b>;\">\u00danete a nuestro equipo<\/span><\/h1><div class=\"sc_item_descr sc_title_descr\"><p>Nos enorgullecemos de mantener un ambiente de trabajo agradable con un alto nivel de profesionalidad y las normas \u00e9ticas que se esperan de la profesi\u00f3n jur\u00eddica. Nuestro objetivo es prestar servicios de la m\u00e1xima calidad a nuestros clientes. Nos comprometemos a proporcionar el mejor clima posible para el m\u00e1ximo desarrollo y consecuci\u00f3n de objetivos de todos los empleados.  <\/p>\n<\/div><\/div>\t\t\t\t<\/div>\n\t\t\t\t<\/div>\n\t\t\t\t<div class=\"elementor-element elementor-element-eab8c46 sc_height_small sc_fly_static elementor-widget elementor-widget-spacer\" data-id=\"eab8c46\" data-element_type=\"widget\" data-widget_type=\"spacer.default\">\n\t\t\t\t<div class=\"elementor-widget-container\">\n\t\t\t\t\t\t\t<div class=\"elementor-spacer\">\n\t\t\t<div class=\"elementor-spacer-inner\"><\/div>\n\t\t<\/div>\n\t\t\t\t\t\t<\/div>\n\t\t\t\t<\/div>\n\t\t\t\t\t<\/div>\n\t\t<\/div>\n\t\t\t\t<div class=\"elementor-column elementor-col-50 elementor-top-column elementor-element elementor-element-734318d sc_content_align_inherit sc_layouts_column_icons_position_left sc_fly_static\" data-id=\"734318d\" data-element_type=\"column\">\n\t\t\t<div class=\"elementor-widget-wrap elementor-element-populated\">\n\t\t\t\t\t\t<div class=\"elementor-element elementor-element-a0481fe no-title sc_fly_static elementor-widget elementor-widget-image\" data-id=\"a0481fe\" data-element_type=\"widget\" data-widget_type=\"image.default\">\n\t\t\t\t<div class=\"elementor-widget-container\">\n\t\t\t\t\t\t\t\t\t\t\t\t\t\t\t<img fetchpriority=\"high\" decoding=\"async\" width=\"1920\" height=\"1280\" src=\"https:\/\/mandarichlaw.com\/wp-content\/uploads\/2020\/04\/image-3.jpg\" class=\"attachment-full size-full wp-image-22367\" alt=\"two professional women are shaking hands with each other\" srcset=\"https:\/\/mandarichlaw.com\/wp-content\/uploads\/2020\/04\/image-3.jpg 1920w, https:\/\/mandarichlaw.com\/wp-content\/uploads\/2020\/04\/image-3-300x200.jpg 300w, https:\/\/mandarichlaw.com\/wp-content\/uploads\/2020\/04\/image-3-1024x683.jpg 1024w, https:\/\/mandarichlaw.com\/wp-content\/uploads\/2020\/04\/image-3-768x512.jpg 768w, https:\/\/mandarichlaw.com\/wp-content\/uploads\/2020\/04\/image-3-1536x1024.jpg 1536w, https:\/\/mandarichlaw.com\/wp-content\/uploads\/2020\/04\/image-3-370x247.jpg 370w, https:\/\/mandarichlaw.com\/wp-content\/uploads\/2020\/04\/image-3-840x560.jpg 840w, https:\/\/mandarichlaw.com\/wp-content\/uploads\/2020\/04\/image-3-410x273.jpg 410w, https:\/\/mandarichlaw.com\/wp-content\/uploads\/2020\/04\/image-3-600x400.jpg 600w\" sizes=\"(max-width: 1920px) 100vw, 1920px\" \/>\t\t\t\t\t\t\t\t\t\t\t\t\t\t\t<\/div>\n\t\t\t\t<\/div>\n\t\t\t\t\t<\/div>\n\t\t<\/div>\n\t\t\t\t\t<\/div>\n\t\t<\/section>\n\t\t\t\t<section class=\"elementor-section elementor-top-section elementor-element elementor-element-22f697a2 elementor-section-boxed elementor-section-height-default elementor-section-height-default sc_fly_static\" data-id=\"22f697a2\" data-element_type=\"section\">\n\t\t\t\t\t\t<div class=\"elementor-container elementor-column-gap-extended\">\n\t\t\t\t\t<div class=\"elementor-column elementor-col-50 elementor-top-column elementor-element elementor-element-b65c0dc sc_content_align_inherit sc_layouts_column_icons_position_left sc_fly_static\" data-id=\"b65c0dc\" data-element_type=\"column\">\n\t\t\t<div class=\"elementor-widget-wrap elementor-element-populated\">\n\t\t\t\t\t\t<div class=\"elementor-element elementor-element-2e0c1fa9 sc_fly_static elementor-widget elementor-widget-spacer\" data-id=\"2e0c1fa9\" data-element_type=\"widget\" data-widget_type=\"spacer.default\">\n\t\t\t\t<div class=\"elementor-widget-container\">\n\t\t\t\t\t\t\t<div class=\"elementor-spacer\">\n\t\t\t<div class=\"elementor-spacer-inner\"><\/div>\n\t\t<\/div>\n\t\t\t\t\t\t<\/div>\n\t\t\t\t<\/div>\n\t\t\t\t<div class=\"elementor-element elementor-element-45c33d8d sc_fly_static elementor-widget elementor-widget-text-editor\" data-id=\"45c33d8d\" data-element_type=\"widget\" data-widget_type=\"text-editor.default\">\n\t\t\t\t<div class=\"elementor-widget-container\">\n\t\t\t\t\t\t\t\t\t<h3>\u00bfPor qu\u00e9 Mandarich Law?<\/h3><p>Nuestro equipo, cada vez m\u00e1s numeroso, re\u00fane multitud de formaciones, experiencias y perspectivas para crear un entorno diverso. Entendemos que somos tan buenos como nuestra gente y cuidamos de los nuestros.  <\/p><p>Si resides en California, consulta nuestra <a href=\"https:\/\/mandarichlaw.com\/es\/politica-de-privacidad\/\">Pol\u00edtica de Privacidad de California.<\/a><\/p>\t\t\t\t\t\t\t\t<\/div>\n\t\t\t\t<\/div>\n\t\t\t\t\t<\/div>\n\t\t<\/div>\n\t\t\t\t<div class=\"elementor-column elementor-col-50 elementor-top-column elementor-element elementor-element-4a7d906 sc_content_align_inherit sc_layouts_column_icons_position_left sc_fly_static\" data-id=\"4a7d906\" data-element_type=\"column\">\n\t\t\t<div class=\"elementor-widget-wrap elementor-element-populated\">\n\t\t\t\t\t\t<div class=\"elementor-element elementor-element-c8da7bb sc_fly_static elementor-widget elementor-widget-spacer\" data-id=\"c8da7bb\" data-element_type=\"widget\" data-widget_type=\"spacer.default\">\n\t\t\t\t<div class=\"elementor-widget-container\">\n\t\t\t\t\t\t\t<div class=\"elementor-spacer\">\n\t\t\t<div class=\"elementor-spacer-inner\"><\/div>\n\t\t<\/div>\n\t\t\t\t\t\t<\/div>\n\t\t\t\t<\/div>\n\t\t\t\t<div class=\"elementor-element elementor-element-63fe5dc sc_fly_static elementor-widget elementor-widget-text-editor\" data-id=\"63fe5dc\" data-element_type=\"widget\" data-widget_type=\"text-editor.default\">\n\t\t\t\t<div class=\"elementor-widget-container\">\n\t\t\t\t\t\t\t\t\t<h3>\u00bfC\u00f3mo es trabajar en Mandarich Law?<\/h3><p>Tanto si trabaja en una de nuestras oficinas como si lo hace a distancia, formar parte de la familia MLG le reportar\u00e1 numerosas ventajas:<\/p><ul><li>Salario competitivo  <\/li><li>Organizaci\u00f3n en crecimiento  <\/li><li>Tiempo libre retribuido<\/li><li>Plan de jubilaci\u00f3n (401K) con aportaci\u00f3n de la empresa<\/li><li>Seguro m\u00e9dico, dental y de visi\u00f3n<\/li><li>Seguro de invalidez de corta y larga duraci\u00f3n<\/li><li>Seguro de vida pagado por la empresa<\/li><li>Cuenta de ahorro sanitario (HSA)<\/li><li>Permiso parental retribuido<\/li><li>Vestimenta informal<\/li><li>Celebraciones de los empleados<\/li><\/ul>\t\t\t\t\t\t\t\t<\/div>\n\t\t\t\t<\/div>\n\t\t\t\t<div class=\"elementor-element elementor-element-4a127fc sc_fly_static elementor-widget elementor-widget-trx_sc_button\" data-id=\"4a127fc\" data-element_type=\"widget\" data-widget_type=\"trx_sc_button.default\">\n\t\t\t\t<div class=\"elementor-widget-container\">\n\t\t\t\t\t<div\tclass=\"sc_item_button sc_button_wrap\" ><a href=\"https:\/\/apply.workable.com\/mandarich-law\/\" class=\"sc_button sc_button_default sc_button_size_normal sc_button_with_icon sc_button_icon_right\" target=\"_blank\" rel=\"nofollow\" ><span class=\"sc_button_icon\"><span class=\"icon-logout\"><\/span><\/span><span class=\"sc_button_text\"><span class=\"sc_button_title\">Puestos vacantes<\/span><\/span><\/a><\/div>\t\t\t\t<\/div>\n\t\t\t\t<\/div>\n\t\t\t\t\t<\/div>\n\t\t<\/div>\n\t\t\t\t\t<\/div>\n\t\t<\/section>\n\t\t\t\t<\/div>\n\t\t","protected":false},"excerpt":{"rendered":"<p>;&#8221;>\u00danete a nuestro equipo Nos enorgullecemos de mantener un ambiente de trabajo agradable con un alto nivel de profesionalidad y las normas \u00e9ticas que se esperan de la profesi\u00f3n jur\u00eddica.&hellip;<\/p>\n","protected":false},"author":1,"featured_media":0,"parent":0,"menu_order":0,"comment_status":"closed","ping_status":"closed","template":"","meta":{"_coblocks_attr":"","_coblocks_dimensions":"","_coblocks_responsive_height":"","_coblocks_accordion_ie_support":"","inline_featured_image":false,"footnotes":""},"class_list":["post-22458","page","type-page","status-publish","hentry"],"yoast_head":"<!-- This site is optimized with the Yoast SEO plugin v25.8 - https:\/\/yoast.com\/wordpress\/plugins\/seo\/ -->\n<title>Carreras profesionales | Carreras jur\u00eddicas de Mandarich Law Group, LLP<\/title>\n<meta name=\"description\" content=\"\u00danete a Mandarich Law Group, LLP para una gratificante carrera jur\u00eddica. Explora oportunidades que se adapten a tus habilidades.\" \/>\n<meta name=\"robots\" content=\"index, follow, max-snippet:-1, max-image-preview:large, max-video-preview:-1\" \/>\n<link rel=\"canonical\" href=\"https:\/\/mandarichlaw.com\/es\/carreras\/\" \/>\n<meta property=\"og:locale\" content=\"es_ES\" \/>\n<meta property=\"og:type\" content=\"article\" \/>\n<meta property=\"og:title\" content=\"Carreras profesionales | Carreras jur\u00eddicas de Mandarich Law Group, LLP\" \/>\n<meta property=\"og:description\" content=\"\u00danete a Mandarich Law Group, LLP para una gratificante carrera jur\u00eddica. Explora oportunidades que se adapten a tus habilidades.\" \/>\n<meta property=\"og:url\" content=\"https:\/\/mandarichlaw.com\/es\/carreras\/\" \/>\n<meta property=\"og:site_name\" content=\"Mandarich Law Group, LLP\" \/>\n<meta property=\"article:modified_time\" content=\"2026-04-30T11:41:42+00:00\" \/>\n<meta property=\"og:image\" content=\"https:\/\/mandarichlaw.com\/wp-content\/uploads\/2020\/04\/image-3.jpg\" \/>\n\t<meta property=\"og:image:width\" content=\"1920\" \/>\n\t<meta property=\"og:image:height\" content=\"1280\" \/>\n\t<meta property=\"og:image:type\" content=\"image\/jpeg\" \/>\n<meta name=\"twitter:card\" content=\"summary_large_image\" \/>\n<meta name=\"twitter:label1\" content=\"Tiempo de lectura\" \/>\n\t<meta name=\"twitter:data1\" content=\"1 minuto\" \/>\n<script type=\"application\/ld+json\" class=\"yoast-schema-graph\">{\"@context\":\"https:\/\/schema.org\",\"@graph\":[{\"@type\":\"WebPage\",\"@id\":\"https:\/\/mandarichlaw.com\/es\/carreras\/\",\"url\":\"https:\/\/mandarichlaw.com\/es\/carreras\/\",\"name\":\"Carreras profesionales | Carreras jur\u00eddicas de Mandarich Law Group, LLP\",\"isPartOf\":{\"@id\":\"https:\/\/mandarichlaw.com\/#website\"},\"primaryImageOfPage\":{\"@id\":\"https:\/\/mandarichlaw.com\/es\/carreras\/#primaryimage\"},\"image\":{\"@id\":\"https:\/\/mandarichlaw.com\/es\/carreras\/#primaryimage\"},\"thumbnailUrl\":\"https:\/\/mandarichlaw.com\/wp-content\/uploads\/2020\/04\/image-3.jpg\",\"datePublished\":\"2022-01-14T03:18:02+00:00\",\"dateModified\":\"2026-04-30T11:41:42+00:00\",\"description\":\"\u00danete a Mandarich Law Group, LLP para una gratificante carrera jur\u00eddica. Explora oportunidades que se adapten a tus habilidades.\",\"breadcrumb\":{\"@id\":\"https:\/\/mandarichlaw.com\/es\/carreras\/#breadcrumb\"},\"inLanguage\":\"es\",\"potentialAction\":[{\"@type\":\"ReadAction\",\"target\":[\"https:\/\/mandarichlaw.com\/es\/carreras\/\"]}]},{\"@type\":\"ImageObject\",\"inLanguage\":\"es\",\"@id\":\"https:\/\/mandarichlaw.com\/es\/carreras\/#primaryimage\",\"url\":\"https:\/\/mandarichlaw.com\/wp-content\/uploads\/2020\/04\/image-3.jpg\",\"contentUrl\":\"https:\/\/mandarichlaw.com\/wp-content\/uploads\/2020\/04\/image-3.jpg\"},{\"@type\":\"BreadcrumbList\",\"@id\":\"https:\/\/mandarichlaw.com\/es\/carreras\/#breadcrumb\",\"itemListElement\":[{\"@type\":\"ListItem\",\"position\":1,\"name\":\"Home\",\"item\":\"https:\/\/mandarichlaw.com\/es\/inicio\/\"},{\"@type\":\"ListItem\",\"position\":2,\"name\":\"Carreras\"}]},{\"@type\":\"WebSite\",\"@id\":\"https:\/\/mandarichlaw.com\/#website\",\"url\":\"https:\/\/mandarichlaw.com\/\",\"name\":\"Mandarich Law Group\",\"description\":\"\",\"publisher\":{\"@id\":\"https:\/\/mandarichlaw.com\/#organization\"},\"alternateName\":\"Mandarich Law\",\"potentialAction\":[{\"@type\":\"SearchAction\",\"target\":{\"@type\":\"EntryPoint\",\"urlTemplate\":\"https:\/\/mandarichlaw.com\/?s={search_term_string}\"},\"query-input\":{\"@type\":\"PropertyValueSpecification\",\"valueRequired\":true,\"valueName\":\"search_term_string\"}}],\"inLanguage\":\"es\"},{\"@type\":\"Organization\",\"@id\":\"https:\/\/mandarichlaw.com\/#organization\",\"name\":\"Mandarich Law Group LLP\",\"alternateName\":\"Mandarich Law Group LLP\",\"url\":\"https:\/\/mandarichlaw.com\/\",\"logo\":{\"@type\":\"ImageObject\",\"inLanguage\":\"es\",\"@id\":\"https:\/\/mandarichlaw.com\/#\/schema\/logo\/image\/\",\"url\":\"https:\/\/mandarichlaw.com\/wp-content\/uploads\/2023\/03\/image.png.png\",\"contentUrl\":\"https:\/\/mandarichlaw.com\/wp-content\/uploads\/2023\/03\/image.png.png\",\"width\":465,\"height\":107,\"caption\":\"Mandarich Law Group LLP\"},\"image\":{\"@id\":\"https:\/\/mandarichlaw.com\/#\/schema\/logo\/image\/\"}}]}<\/script>\n<!-- \/ Yoast SEO plugin. -->","yoast_head_json":{"title":"Carreras profesionales | Carreras jur\u00eddicas de Mandarich Law Group, LLP","description":"\u00danete a Mandarich Law Group, LLP para una gratificante carrera jur\u00eddica. Explora oportunidades que se adapten a tus habilidades.","robots":{"index":"index","follow":"follow","max-snippet":"max-snippet:-1","max-image-preview":"max-image-preview:large","max-video-preview":"max-video-preview:-1"},"canonical":"https:\/\/mandarichlaw.com\/es\/carreras\/","og_locale":"es_ES","og_type":"article","og_title":"Carreras profesionales | Carreras jur\u00eddicas de Mandarich Law Group, LLP","og_description":"\u00danete a Mandarich Law Group, LLP para una gratificante carrera jur\u00eddica. Explora oportunidades que se adapten a tus habilidades.","og_url":"https:\/\/mandarichlaw.com\/es\/carreras\/","og_site_name":"Mandarich Law Group, LLP","article_modified_time":"2026-04-30T11:41:42+00:00","og_image":[{"width":1920,"height":1280,"url":"https:\/\/mandarichlaw.com\/wp-content\/uploads\/2020\/04\/image-3.jpg","type":"image\/jpeg"}],"twitter_card":"summary_large_image","twitter_misc":{"Tiempo de lectura":"1 minuto"},"schema":{"@context":"https:\/\/schema.org","@graph":[{"@type":"WebPage","@id":"https:\/\/mandarichlaw.com\/es\/carreras\/","url":"https:\/\/mandarichlaw.com\/es\/carreras\/","name":"Carreras profesionales | Carreras jur\u00eddicas de Mandarich Law Group, LLP","isPartOf":{"@id":"https:\/\/mandarichlaw.com\/#website"},"primaryImageOfPage":{"@id":"https:\/\/mandarichlaw.com\/es\/carreras\/#primaryimage"},"image":{"@id":"https:\/\/mandarichlaw.com\/es\/carreras\/#primaryimage"},"thumbnailUrl":"https:\/\/mandarichlaw.com\/wp-content\/uploads\/2020\/04\/image-3.jpg","datePublished":"2022-01-14T03:18:02+00:00","dateModified":"2026-04-30T11:41:42+00:00","description":"\u00danete a Mandarich Law Group, LLP para una gratificante carrera jur\u00eddica. Explora oportunidades que se adapten a tus habilidades.","breadcrumb":{"@id":"https:\/\/mandarichlaw.com\/es\/carreras\/#breadcrumb"},"inLanguage":"es","potentialAction":[{"@type":"ReadAction","target":["https:\/\/mandarichlaw.com\/es\/carreras\/"]}]},{"@type":"ImageObject","inLanguage":"es","@id":"https:\/\/mandarichlaw.com\/es\/carreras\/#primaryimage","url":"https:\/\/mandarichlaw.com\/wp-content\/uploads\/2020\/04\/image-3.jpg","contentUrl":"https:\/\/mandarichlaw.com\/wp-content\/uploads\/2020\/04\/image-3.jpg"},{"@type":"BreadcrumbList","@id":"https:\/\/mandarichlaw.com\/es\/carreras\/#breadcrumb","itemListElement":[{"@type":"ListItem","position":1,"name":"Home","item":"https:\/\/mandarichlaw.com\/es\/inicio\/"},{"@type":"ListItem","position":2,"name":"Carreras"}]},{"@type":"WebSite","@id":"https:\/\/mandarichlaw.com\/#website","url":"https:\/\/mandarichlaw.com\/","name":"Mandarich Law Group","description":"","publisher":{"@id":"https:\/\/mandarichlaw.com\/#organization"},"alternateName":"Mandarich Law","potentialAction":[{"@type":"SearchAction","target":{"@type":"EntryPoint","urlTemplate":"https:\/\/mandarichlaw.com\/?s={search_term_string}"},"query-input":{"@type":"PropertyValueSpecification","valueRequired":true,"valueName":"search_term_string"}}],"inLanguage":"es"},{"@type":"Organization","@id":"https:\/\/mandarichlaw.com\/#organization","name":"Mandarich Law Group LLP","alternateName":"Mandarich Law Group LLP","url":"https:\/\/mandarichlaw.com\/","logo":{"@type":"ImageObject","inLanguage":"es","@id":"https:\/\/mandarichlaw.com\/#\/schema\/logo\/image\/","url":"https:\/\/mandarichlaw.com\/wp-content\/uploads\/2023\/03\/image.png.png","contentUrl":"https:\/\/mandarichlaw.com\/wp-content\/uploads\/2023\/03\/image.png.png","width":465,"height":107,"caption":"Mandarich Law Group LLP"},"image":{"@id":"https:\/\/mandarichlaw.com\/#\/schema\/logo\/image\/"}}]}},"_links":{"self":[{"href":"https:\/\/mandarichlaw.com\/es\/wp-json\/wp\/v2\/pages\/22458","targetHints":{"allow":["GET"]}}],"collection":[{"href":"https:\/\/mandarichlaw.com\/es\/wp-json\/wp\/v2\/pages"}],"about":[{"href":"https:\/\/mandarichlaw.com\/es\/wp-json\/wp\/v2\/types\/page"}],"author":[{"embeddable":true,"href":"https:\/\/mandarichlaw.com\/es\/wp-json\/wp\/v2\/users\/1"}],"replies":[{"embeddable":true,"href":"https:\/\/mandarichlaw.com\/es\/wp-json\/wp\/v2\/comments?post=22458"}],"version-history":[{"count":2,"href":"https:\/\/mandarichlaw.com\/es\/wp-json\/wp\/v2\/pages\/22458\/revisions"}],"predecessor-version":[{"id":23867,"href":"https:\/\/mandarichlaw.com\/es\/wp-json\/wp\/v2\/pages\/22458\/revisions\/23867"}],"wp:attachment":[{"href":"https:\/\/mandarichlaw.com\/es\/wp-json\/wp\/v2\/media?parent=22458"}],"curies":[{"name":"wp","href":"https:\/\/api.w.org\/{rel}","templated":true}]}}